{"id":60,"date":"2011-10-30T19:44:28","date_gmt":"2011-10-30T19:44:28","guid":{"rendered":"http:\/\/www.ansa-video.de\/goe\/wp\/?page_id=60"},"modified":"2023-03-09T17:47:30","modified_gmt":"2023-03-09T17:47:30","slug":"impressum","status":"publish","type":"page","link":"https:\/\/www.ansa-video.de\/?page_id=60","title":{"rendered":"Impressum"},"content":{"rendered":"<p><strong>Anschrift<\/strong><\/p>\n<p>Ansa Video\u00a0\u00a0\u00a0\u00a0\u00a0\u00a0\u00a0\u00a0\u00a0\u00a0\u00a0\u00a0\u00a0\u00a0\u00a0\u00a0\u00a0\u00a0\u00a0\u00a0\u00a0\u00a0\u00a0\u00a0\u00a0\u00a0\u00a0\u00a0\u00a0\u00a0\u00a0\u00a0\u00a0\u00a0\u00a0\u00a0\u00a0\u00a0\u00a0 E-mail:\u00a0\u00a0\u00a0 kontakt(at)ansa-video.de<br \/>\nHeinrich-Boell-Str. 91\u00a0\u00a0\u00a0\u00a0\u00a0\u00a0\u00a0\u00a0\u00a0\u00a0\u00a0\u00a0\u00a0\u00a0\u00a0\u00a0\u00a0\u00a0\u00a0\u00a0\u00a0\u00a0\u00a0\u00a0\u00a0\u00a0\u00a0\u00a0\u00a0 Tel:\u00a0\u00a0\u00a0 (49) (421) 37 64 97 62<br \/>\n28215 Bremen\u00a0\u00a0\u00a0\u00a0\u00a0\u00a0\u00a0\u00a0\u00a0\u00a0\u00a0\u00a0\u00a0\u00a0\u00a0\u00a0\u00a0\u00a0\u00a0\u00a0\u00a0\u00a0\u00a0\u00a0\u00a0\u00a0\u00a0\u00a0\u00a0\u00a0\u00a0\u00a0\u00a0\u00a0\u00a0\u00a0\u00a0\u00a0 Fax:\u00a0\u00a0\u00a0 (49) (421) 35 89 56<br \/>\nDeutschland<\/p>\n<p><strong>Copyright<\/strong><\/p>\n<p>Copyright \u00a9 Ansa Video GBR Angelika Werner &#8211; Alle Rechte vorbehalten<\/p>\n<p><strong>Haftungsausschluss<\/strong><\/p>\n<p>Trotz sorgf\u00e4ltiger Erstellung dieser Webseiten kann Ansa Video nicht f\u00fcr die Richtigkeit und Aktualit\u00e4t der hier dargestellten Inhalte garantieren. Wir sind nicht verantwortlich f\u00fcr eventuelle direkte oder indirekte Folgen oder Sch\u00e4den, gleich welcher Art, die unmittelbar oder mittelbar durch die Nutzung dieser Seiten entstehen.<br \/>\nAnsa Video ist nicht verantwortlich f\u00fcr Gestaltung und Inhalt von Internetseiten, auf die per Link verwiesen wird.<\/p>\n<p>\u00a9 2005 &#8211; 2023 \u00a0 Ansa Video GBR Angelika Werner 28215 Bremen<\/p>\n","protected":false},"excerpt":{"rendered":"<p>Anschrift Ansa Video\u00a0\u00a0\u00a0\u00a0\u00a0\u00a0\u00a0\u00a0\u00a0\u00a0\u00a0\u00a0\u00a0\u00a0\u00a0\u00a0\u00a0\u00a0\u00a0\u00a0\u00a0\u00a0\u00a0\u00a0\u00a0\u00a0\u00a0\u00a0\u00a0\u00a0\u00a0\u00a0\u00a0\u00a0\u00a0\u00a0\u00a0\u00a0\u00a0 E-mail:\u00a0\u00a0\u00a0 kontakt(at)ansa-video.de Heinrich-Boell-Str. 91\u00a0\u00a0\u00a0\u00a0\u00a0\u00a0\u00a0\u00a0\u00a0\u00a0\u00a0\u00a0\u00a0\u00a0\u00a0\u00a0\u00a0\u00a0\u00a0\u00a0\u00a0\u00a0\u00a0\u00a0\u00a0\u00a0\u00a0\u00a0\u00a0 Tel:\u00a0\u00a0\u00a0 (49) (421) 37 64 97 62 28215 Bremen\u00a0\u00a0\u00a0\u00a0\u00a0\u00a0\u00a0\u00a0\u00a0\u00a0\u00a0\u00a0\u00a0\u00a0\u00a0\u00a0\u00a0\u00a0\u00a0\u00a0\u00a0\u00a0\u00a0\u00a0\u00a0\u00a0\u00a0\u00a0\u00a0\u00a0\u00a0\u00a0\u00a0\u00a0\u00a0\u00a0\u00a0\u00a0 Fax:\u00a0\u00a0\u00a0 (49) (421) 35 89 56 Deutschland Copyright Copyright \u00a9 Ansa Video GBR Angelika Werner &#8211; Alle Rechte vorbehalten Haftungsausschluss Trotz sorgf\u00e4ltiger Erstellung dieser &hellip; <a href=\"https:\/\/www.ansa-video.de\/?page_id=60\">Weiterlesen <span class=\"meta-nav\">&rarr;<\/span><\/a><\/p>\n","protected":false},"author":1,"featured_media":0,"parent":0,"menu_order":8,"comment_status":"closed","ping_status":"closed","template":"sidebar-page.php","meta":{"footnotes":""},"class_list":["post-60","page","type-page","status-publish","hentry"],"_links":{"self":[{"href":"https:\/\/www.ansa-video.de\/index.php?rest_route=\/wp\/v2\/pages\/60","targetHints":{"allow":["GET"]}}],"collection":[{"href":"https:\/\/www.ansa-video.de\/index.php?rest_route=\/wp\/v2\/pages"}],"about":[{"href":"https:\/\/www.ansa-video.de\/index.php?rest_route=\/wp\/v2\/types\/page"}],"author":[{"embeddable":true,"href":"https:\/\/www.ansa-video.de\/index.php?rest_route=\/wp\/v2\/users\/1"}],"replies":[{"embeddable":true,"href":"https:\/\/www.ansa-video.de\/index.php?rest_route=%2Fwp%2Fv2%2Fcomments&post=60"}],"version-history":[{"count":0,"href":"https:\/\/www.ansa-video.de\/index.php?rest_route=\/wp\/v2\/pages\/60\/revisions"}],"wp:attachment":[{"href":"https:\/\/www.ansa-video.de\/index.php?rest_route=%2Fwp%2Fv2%2Fmedia&parent=60"}],"curies":[{"name":"wp","href":"https:\/\/api.w.org\/{rel}","templated":true}]}}