{"id":35,"date":"2011-10-30T19:25:41","date_gmt":"2011-10-30T19:25:41","guid":{"rendered":"http:\/\/www.ansa-video.de\/goe\/wp\/?page_id=35"},"modified":"2023-03-09T17:45:42","modified_gmt":"2023-03-09T17:45:42","slug":"utilius-fairplay","status":"publish","type":"page","link":"https:\/\/www.ansa-video.de\/?page_id=35","title":{"rendered":"utilius fairplay 5"},"content":{"rendered":"<p>Eine einfache, aber komfortable Videoschnittfunktion und Training mit Timeshift, das sind die Highlights der vollst\u00e4ndig neu entwickelten Version des besten Videoplayers f\u00fcr den Sport.<\/p>\n<p>Die Videoschnittfunktion von <span style=\"color: #ff0000;\"><strong><span style=\"color: #990000;\"><em>utilius<\/em><sup>\u00ae<\/sup><\/span><\/strong><\/span> fair<strong>play 5<\/strong> erlaubt das Zusammenstellen von ausgesuchten Szenen mit minimalem Zeiteinsatz, mit dem zus\u00e4tzlichen Tagging-Modul ganz einfach und bequem per Mausklick. Diese Szenen k\u00f6nnen Sie dann in der Teamsitzung Ihren Spielern mit umfangreichen Pr\u00e4sentationsm\u00f6glichkeiten vorf\u00fchren, zum Beispiel mit synchronem Abspielen in zwei Videofenstern oder mit \u00dcberblenden von zwei Videos, mit Zoomen und Spiegeln, Zeichnen im Video, mit Standbildern und Standbildfolgen, und nat\u00fcrlich in jeder Geschwindigkeit vorw\u00e4rts oder zur\u00fcck.<\/p>\n<table border=\"0\">\n<tbody>\n<tr>\n<td><span style=\"font-size: 130%;\"><a href=\"\/images\/fp5_haba01.jpg\">Beispiel Tagging<\/a><\/span><br \/>\n<a href=\"\/images\/fp5_haba01.jpg\"><img decoding=\"async\" src=\"\/images\/fp5_haba01_thmb.jpg\" alt=\"\" \/><\/a><\/td>\n<td><span style=\"font-size: 130%;\"><a href=\"\/images\/fp5_haba02.jpg\">Beispiel Timeshift<\/a><\/span><br \/>\n<a href=\"\/images\/fp5_haba02.jpg\"><img decoding=\"async\" src=\"\/images\/fp5_haba02_thmb.jpg\" alt=\"\" \/><\/a><\/td>\n<\/tr>\n<\/tbody>\n<\/table>\n<p>Setzen Sie im Training Timeshift ein &#8211; <span style=\"color: #ff0000;\"><strong><span style=\"color: #990000;\"><em>utilius<\/em><sup>\u00ae<\/sup><\/span><\/strong><\/span> fair<strong>play 5<\/strong> gibt dabei eine Aufnahme zeitversetzt wieder, mit einer Verz\u00f6gerung, die Sie ausw\u00e4hlen k\u00f6nnen, und nimmt gleichzeitig weiter auf. So k\u00f6nnen Sie im Rundlaufbetrieb Aktionen aufnehmen und mit den Sportlern gemeinsam betrachten und kommentieren, w\u00e4hrend bereits die n\u00e4chste Aufnahme erfolgt. Sie werden auf diese Funktion nie wieder verzichten wollen&#8230;<\/p>\n<p>Sprechen Sie uns an f\u00fcr ein individuelles Angebot f\u00fcr Ihren Sport.<\/p>\n","protected":false},"excerpt":{"rendered":"<p>Eine einfache, aber komfortable Videoschnittfunktion und Training mit Timeshift, das sind die Highlights der vollst\u00e4ndig neu entwickelten Version des besten Videoplayers f\u00fcr den Sport. Die Videoschnittfunktion von utilius\u00ae fairplay 5 erlaubt das Zusammenstellen von ausgesuchten Szenen mit minimalem Zeiteinsatz, mit &hellip; <a href=\"https:\/\/www.ansa-video.de\/?page_id=35\">Weiterlesen <span class=\"meta-nav\">&rarr;<\/span><\/a><\/p>\n","protected":false},"author":1,"featured_media":104,"parent":33,"menu_order":2,"comment_status":"closed","ping_status":"open","template":"sidebar-page.php","meta":{"footnotes":""},"class_list":["post-35","page","type-page","status-publish","has-post-thumbnail","hentry"],"_links":{"self":[{"href":"https:\/\/www.ansa-video.de\/index.php?rest_route=\/wp\/v2\/pages\/35","targetHints":{"allow":["GET"]}}],"collection":[{"href":"https:\/\/www.ansa-video.de\/index.php?rest_route=\/wp\/v2\/pages"}],"about":[{"href":"https:\/\/www.ansa-video.de\/index.php?rest_route=\/wp\/v2\/types\/page"}],"author":[{"embeddable":true,"href":"https:\/\/www.ansa-video.de\/index.php?rest_route=\/wp\/v2\/users\/1"}],"replies":[{"embeddable":true,"href":"https:\/\/www.ansa-video.de\/index.php?rest_route=%2Fwp%2Fv2%2Fcomments&post=35"}],"version-history":[{"count":0,"href":"https:\/\/www.ansa-video.de\/index.php?rest_route=\/wp\/v2\/pages\/35\/revisions"}],"up":[{"embeddable":true,"href":"https:\/\/www.ansa-video.de\/index.php?rest_route=\/wp\/v2\/pages\/33"}],"wp:featuredmedia":[{"embeddable":true,"href":"https:\/\/www.ansa-video.de\/index.php?rest_route=\/wp\/v2\/media\/104"}],"wp:attachment":[{"href":"https:\/\/www.ansa-video.de\/index.php?rest_route=%2Fwp%2Fv2%2Fmedia&parent=35"}],"curies":[{"name":"wp","href":"https:\/\/api.w.org\/{rel}","templated":true}]}}