{"id":34,"date":"2011-10-30T19:25:20","date_gmt":"2011-10-30T19:25:20","guid":{"rendered":"http:\/\/www.ansa-video.de\/goe\/wp\/?page_id=34"},"modified":"2023-03-09T17:42:31","modified_gmt":"2023-03-09T17:42:31","slug":"utilius-vs","status":"publish","type":"page","link":"https:\/\/www.ansa-video.de\/?page_id=34","title":{"rendered":"utilius vs"},"content":{"rendered":"<p><span style=\"color: #ff0000;\"><span style=\"color: #000000;\">Viel mehr als Statistik &#8211; <\/span><strong><span style=\"color: #990000;\"><em>utilius<\/em><sup>\u00ae<\/sup><\/span>\u00a0<span style=\"color: #000000;\">vs <\/span><\/strong><\/span>ist das perfekte Videoanalysesystem f\u00fcr den Sport. Es wurde entwickelt f\u00fcr h\u00f6chste Anspr\u00fcche in den Ballsportarten, vor allem f\u00fcr die deutschen Hockey-, Volleyball- und Handballnationalmannschaften, und stellt den Standard der Videoanalyse im internationalen Spitzensport dar.<\/p>\n<p>Ihre wichtigsten Vorteile:<\/p>\n<ul>\n<li>Darstellung aller wichtigen Szenen eines Spiels in Form einer Videomatrix<\/li>\n<li>Direktes Abspielen jeder erfassten Aktion<\/li>\n<li>Einfaches Erfassen der Videoszenen \u2013 live oder offline<\/li>\n<li>Frei definierbares Szenen- und Kategoriensystem<\/li>\n<li>Unverzichtbar in der Gegnervorbereitung und in der Wettkampfanalyse<\/li>\n<\/ul>\n<table border=\"0\">\n<tbody>\n<tr>\n<td><span style=\"font-size: 130%;\"><a href=\"\/images\/videomxhaba02.jpg\">Beispiel Handball<\/a><\/span><br \/>\n<a href=\"\/images\/videomxhaba02.jpg\"><img decoding=\"async\" src=\"\/images\/videomxhaba02_thmb.jpg\" alt=\"\" \/><\/a><\/td>\n<td><span style=\"font-size: 130%;\"><a href=\"\/images\/videomxvoba01.jpg\">Beispiel Volleyball<\/a><\/span><br \/>\n<a href=\"\/images\/videomxvoba01.jpg\"><img decoding=\"async\" src=\"\/images\/videomxvoba01_thmb.jpg\" alt=\"\" \/><\/a><\/td>\n<\/tr>\n<\/tbody>\n<\/table>\n<p>Mehr Informationen zu <strong><span style=\"color: #990000;\"><em>utilius<\/em><sup>\u00ae<\/sup><\/span>\u00a0vs<\/strong> sowie zu den sportartbezogenen Versionen finden Sie auf unseren Seiten zu den verschiedenen Sportarten sowie beim Hersteller <strong>ccc<\/strong> software gmbh unter <a href=\"http:\/\/www.ccc-software.de\/de\/sport\/\">http:\/\/www.ccc-software.de\/de\/sport\/<\/a> .<\/p>\n<p><strong><span style=\"color: #990000;\"><em>utilius<\/em><sup>\u00ae<\/sup><\/span>\u00a0vs <\/strong>gibt es bei Ansa Video in der vollst\u00e4ndigen Version mit sportartspezifischen Kategoriensystemen und Auswertungslayouts.<\/p>\n<p>Sprechen Sie uns an f\u00fcr ein individuelles Angebot.<\/p>\n<p><strong>Rufen Sie uns an<span style=\"color: red;\"> (0421\/376 49 762)<\/span> oder mailen Sie uns<span style=\"color: red;\"> kontakt(at)ansa-video.de<\/span><\/strong><br \/>\n<strong> &#8211; wir sind gerne f\u00fcr Sie da!<\/strong><\/p>\n","protected":false},"excerpt":{"rendered":"<p>Viel mehr als Statistik &#8211; utilius\u00ae\u00a0vs ist das perfekte Videoanalysesystem f\u00fcr den Sport. Es wurde entwickelt f\u00fcr h\u00f6chste Anspr\u00fcche in den Ballsportarten, vor allem f\u00fcr die deutschen Hockey-, Volleyball- und Handballnationalmannschaften, und stellt den Standard der Videoanalyse im internationalen Spitzensport &hellip; <a href=\"https:\/\/www.ansa-video.de\/?page_id=34\">Weiterlesen <span class=\"meta-nav\">&rarr;<\/span><\/a><\/p>\n","protected":false},"author":1,"featured_media":106,"parent":33,"menu_order":1,"comment_status":"closed","ping_status":"open","template":"sidebar-page.php","meta":{"footnotes":""},"class_list":["post-34","page","type-page","status-publish","has-post-thumbnail","hentry"],"_links":{"self":[{"href":"https:\/\/www.ansa-video.de\/index.php?rest_route=\/wp\/v2\/pages\/34","targetHints":{"allow":["GET"]}}],"collection":[{"href":"https:\/\/www.ansa-video.de\/index.php?rest_route=\/wp\/v2\/pages"}],"about":[{"href":"https:\/\/www.ansa-video.de\/index.php?rest_route=\/wp\/v2\/types\/page"}],"author":[{"embeddable":true,"href":"https:\/\/www.ansa-video.de\/index.php?rest_route=\/wp\/v2\/users\/1"}],"replies":[{"embeddable":true,"href":"https:\/\/www.ansa-video.de\/index.php?rest_route=%2Fwp%2Fv2%2Fcomments&post=34"}],"version-history":[{"count":0,"href":"https:\/\/www.ansa-video.de\/index.php?rest_route=\/wp\/v2\/pages\/34\/revisions"}],"up":[{"embeddable":true,"href":"https:\/\/www.ansa-video.de\/index.php?rest_route=\/wp\/v2\/pages\/33"}],"wp:featuredmedia":[{"embeddable":true,"href":"https:\/\/www.ansa-video.de\/index.php?rest_route=\/wp\/v2\/media\/106"}],"wp:attachment":[{"href":"https:\/\/www.ansa-video.de\/index.php?rest_route=%2Fwp%2Fv2%2Fmedia&parent=34"}],"curies":[{"name":"wp","href":"https:\/\/api.w.org\/{rel}","templated":true}]}}