{"id":31,"date":"2011-10-30T19:22:47","date_gmt":"2011-10-30T19:22:47","guid":{"rendered":"http:\/\/www.ansa-video.de\/goe\/wp\/?page_id=31"},"modified":"2023-03-09T17:17:11","modified_gmt":"2023-03-09T17:17:11","slug":"videoschnitt","status":"publish","type":"page","link":"https:\/\/www.ansa-video.de\/?page_id=31","title":{"rendered":"Videoschnitt"},"content":{"rendered":"<p>Wir stellen Ihre oder unsere Aufnahme zu einer Videomatrix zusammen, in der Sie jedes markierte Ereignis einfach und schnell ansehen, vorf\u00fchren und auswerten k\u00f6nnen. Mit dieser Videomatrix zeigen Sie Ihrer Mannschaft zielgenau alle gew\u00fcnschten Ereignisse und erhalten wesentlich mehr Informationen als durch die ungeschnittene vollst\u00e4ndige Aufnahme.<\/p>\n<table border=\"0\">\n<tbody>\n<tr>\n<td><span style=\"font-size: 130%;\"><a href=\"\/images\/videomxhaba01.jpg\">Beispiel Handball<\/a><br \/>\n<\/span><a href=\"\/images\/videomxhaba01.jpg\"><img decoding=\"async\" src=\"\/images\/videomxhaba01_thmb.jpg\" alt=\"\" \/><\/a><\/td>\n<td><span style=\"font-size: 130%;\"><a href=\"\/images\/videomxvoba01.jpg\">Beispiel Volleyball<\/a><br \/>\n<\/span><a href=\"\/images\/videomxvoba01.jpg\"><img decoding=\"async\" src=\"\/images\/videomxvoba01_thmb.jpg\" alt=\"\" \/><\/a><\/td>\n<\/tr>\n<\/tbody>\n<\/table>\n<p>Durch Anklicken der Zahlen in der Videomatrix k\u00f6nnen Sie gezielt jede gew\u00fcnschte Aktion direkt ansprechen und abspielen, mit allen Darstellungsm\u00f6glichkeiten wie Wiederholungen oder unterschiedlichen Geschwindigkeiten, optimal f\u00fcr Ihre Auswertungen, Ihre Teamsitzungen und f\u00fcr die individuelle Gegnervorbereitung Ihrer Spieler.<\/p>\n<p>Erh\u00f6hen Sie mit dieser Videomatrix den Informationswert Ihrer Videovorbereitung um ein Vielfaches. Sie qu\u00e4len Ihre Mannschaft nicht mehr mit stundenlangem Videosehen, sondern geben Ihren Spieler\/innen gezielte visuelle Information.<\/p>\n<p><strong>Sparen Sie Zeit und Arbeit und nutzen Sie unsere Technik und Erfahrungen!<\/strong><\/p>\n<p><strong>Rufen Sie uns an oder mailen Sie uns &#8211; wir sind gerne f\u00fcr Sie da!<\/strong><\/p>\n","protected":false},"excerpt":{"rendered":"<p>Wir stellen Ihre oder unsere Aufnahme zu einer Videomatrix zusammen, in der Sie jedes markierte Ereignis einfach und schnell ansehen, vorf\u00fchren und auswerten k\u00f6nnen. Mit dieser Videomatrix zeigen Sie Ihrer Mannschaft zielgenau alle gew\u00fcnschten Ereignisse und erhalten wesentlich mehr Informationen &hellip; <a href=\"https:\/\/www.ansa-video.de\/?page_id=31\">Weiterlesen <span class=\"meta-nav\">&rarr;<\/span><\/a><\/p>\n","protected":false},"author":1,"featured_media":0,"parent":2,"menu_order":1,"comment_status":"closed","ping_status":"open","template":"sidebar-page.php","meta":{"footnotes":""},"class_list":["post-31","page","type-page","status-publish","hentry"],"_links":{"self":[{"href":"https:\/\/www.ansa-video.de\/index.php?rest_route=\/wp\/v2\/pages\/31","targetHints":{"allow":["GET"]}}],"collection":[{"href":"https:\/\/www.ansa-video.de\/index.php?rest_route=\/wp\/v2\/pages"}],"about":[{"href":"https:\/\/www.ansa-video.de\/index.php?rest_route=\/wp\/v2\/types\/page"}],"author":[{"embeddable":true,"href":"https:\/\/www.ansa-video.de\/index.php?rest_route=\/wp\/v2\/users\/1"}],"replies":[{"embeddable":true,"href":"https:\/\/www.ansa-video.de\/index.php?rest_route=%2Fwp%2Fv2%2Fcomments&post=31"}],"version-history":[{"count":0,"href":"https:\/\/www.ansa-video.de\/index.php?rest_route=\/wp\/v2\/pages\/31\/revisions"}],"up":[{"embeddable":true,"href":"https:\/\/www.ansa-video.de\/index.php?rest_route=\/wp\/v2\/pages\/2"}],"wp:attachment":[{"href":"https:\/\/www.ansa-video.de\/index.php?rest_route=%2Fwp%2Fv2%2Fmedia&parent=31"}],"curies":[{"name":"wp","href":"https:\/\/api.w.org\/{rel}","templated":true}]}}