{"id":2,"date":"2011-10-13T12:25:33","date_gmt":"2011-10-13T12:25:33","guid":{"rendered":"http:\/\/www.ansa-video.de\/goe\/wp\/?page_id=2"},"modified":"2011-11-26T22:44:07","modified_gmt":"2011-11-26T22:44:07","slug":"beispiel-seite","status":"publish","type":"page","link":"https:\/\/www.ansa-video.de\/?page_id=2","title":{"rendered":"Service"},"content":{"rendered":"<h1>\u00a0Videoschnitt:<\/h1>\n<p>Wir schneiden Ihre oder unsere Aufnahme zu einer Videomatrix zusammen, in der Sie jedes markierte Ereignis einfach und schnell ansehen, vorf\u00fchren und auswerten k\u00f6nnen. Mit diese Videomatrix zeigen Sie Ihrer Mannschaft zielgenau alle gew\u00fcnschten Ereignisse und erhalten wesentlich mehr Informationen als durch die ungeschnittene vollst\u00e4ndige Aufnahme.<\/p>\n<h1>Videoaufnahmen:<\/h1>\n<p>Wir nehmen f\u00fcr Sie jedes gew\u00fcnschte Spiel oder Ereignis im norddeutschen Raum auf. Die Aufnahme erhalten Sie von uns in jedem gew\u00fcnschten Computerformat oder auf einer DVD, die auf jedem DVD-Player oder Computer abspielbar ist.<\/p>\n<h1>Videoauswertungen:<\/h1>\n<p>Wenn Sie Zeit und Aufwand sparen wollen: wir analysieren Ihre Aufnahmen f\u00fcr Sie und erstellen dazu die entsprechenden statistischen und grafischen Auswertungen, nach Ihren Vorgaben oder nach sportartspezifischen Kriterien.<\/p>\n","protected":false},"excerpt":{"rendered":"<p>\u00a0Videoschnitt: Wir schneiden Ihre oder unsere Aufnahme zu einer Videomatrix zusammen, in der Sie jedes markierte Ereignis einfach und schnell ansehen, vorf\u00fchren und auswerten k\u00f6nnen. Mit diese Videomatrix zeigen Sie Ihrer Mannschaft zielgenau alle gew\u00fcnschten Ereignisse und erhalten wesentlich mehr &hellip; <a href=\"https:\/\/www.ansa-video.de\/?page_id=2\">Weiterlesen <span class=\"meta-nav\">&rarr;<\/span><\/a><\/p>\n","protected":false},"author":1,"featured_media":0,"parent":0,"menu_order":1,"comment_status":"closed","ping_status":"open","template":"sidebar-page.php","meta":{"footnotes":""},"class_list":["post-2","page","type-page","status-publish","hentry"],"_links":{"self":[{"href":"https:\/\/www.ansa-video.de\/index.php?rest_route=\/wp\/v2\/pages\/2","targetHints":{"allow":["GET"]}}],"collection":[{"href":"https:\/\/www.ansa-video.de\/index.php?rest_route=\/wp\/v2\/pages"}],"about":[{"href":"https:\/\/www.ansa-video.de\/index.php?rest_route=\/wp\/v2\/types\/page"}],"author":[{"embeddable":true,"href":"https:\/\/www.ansa-video.de\/index.php?rest_route=\/wp\/v2\/users\/1"}],"replies":[{"embeddable":true,"href":"https:\/\/www.ansa-video.de\/index.php?rest_route=%2Fwp%2Fv2%2Fcomments&post=2"}],"version-history":[{"count":0,"href":"https:\/\/www.ansa-video.de\/index.php?rest_route=\/wp\/v2\/pages\/2\/revisions"}],"wp:attachment":[{"href":"https:\/\/www.ansa-video.de\/index.php?rest_route=%2Fwp%2Fv2%2Fmedia&parent=2"}],"curies":[{"name":"wp","href":"https:\/\/api.w.org\/{rel}","templated":true}]}}