{"id":189,"date":"2016-03-12T18:28:08","date_gmt":"2016-03-12T18:28:08","guid":{"rendered":"http:\/\/www.ansa-video.de\/?page_id=189"},"modified":"2023-03-09T17:45:01","modified_gmt":"2023-03-09T17:45:01","slug":"utilius-vs-volleyball-2","status":"publish","type":"page","link":"https:\/\/www.ansa-video.de\/?page_id=189","title":{"rendered":"utilius vs Volleyball"},"content":{"rendered":"<p><span style=\"color: #ff0000;\"><span style=\"color: #000000;\">Viel mehr als Statistik &#8211; <\/span><strong><span style=\"color: #990000;\"><em>utilius<\/em><sup>\u00ae<\/sup><\/span>\u00a0<span style=\"color: #000000;\">vs Volleyball <\/span><\/strong><\/span>ist das perfekte Videoanalysesystem f\u00fcr Gegnervorbereitung und Eigenanalyse in dieser Sportart. Es wurde entwickelt von <strong>ccc<\/strong> software gmbh in Zusammenarbeit mit erfahrenen Volleyballtrainern und Ansa-Video f\u00fcr alle Mannschaften von Bundesliga bis Oberliga, denen der Einsatz von langwierig geschulten Spezialisten und detaillierten Statistiken zur Spielsteuerung zu aufwendig oder zu teuer ist, und die stattdessen ein einfach zu bedienendes und kosteng\u00fcnstiges Instrument f\u00fcr ihre Videoauswertungen suchen, das trotzdem professionellen Anspr\u00fcchen gen\u00fcgt.<\/p>\n<p>Ihre wichtigsten Vorteile:<\/p>\n<ul>\n<li>Darstellung aller erfassten Szenen in einer \u00fcbersichtlichen Videomatrix<\/li>\n<li>Direktes Abspielen jeder erfassten Aktion<\/li>\n<li>praxiserprobtes, anwenderfreundliches Kategoriensystem<\/li>\n<li>Auswertungsvorlagen mit allen wichtigen Spielelementen<\/li>\n<li>Einfaches Markieren der Videoszenen per Tastatur oder Maus<\/li>\n<li>Eingabe der Szenen live oder offline<\/li>\n<li>Weitergabe der Auswertung per Stick oder Internet<\/li>\n<li>Abspielen direkt aus dem Browser<\/li>\n<\/ul>\n<table border=\"0\">\n<tbody>\n<tr>\n<td><span style=\"font-size: 130%;\"><br \/>\n<a href=\"\/images\/screen_01_utiliusVSVolleyball.jpg\">Eingabemaske utilius\u00ae vs Volleyball<\/a><\/span><br \/>\n<a href=\"\/images\/screen_01_utiliusVSVolleyball.jpg\"><img decoding=\"async\" src=\"\/images\/screen_01a_utiliusVSVolleyball_thmp.jpg\" alt=\"\" \/><\/a><\/td>\n<td><span style=\"font-size: 130%;\"><br \/>\n<a href=\"\/images\/15_Auswertung_4.JPG\">Auswertungsmatrix utilius\u00ae vs Volleyball<\/a><\/span><br \/>\n<a href=\"\/images\/15_Auswertung_4.JPG\"><img decoding=\"async\" src=\"\/images\/15_Auswertung_thmb.JPG\" alt=\"\" \/><\/a><\/td>\n<\/tr>\n<\/tbody>\n<\/table>\n<p>Wenn Sie mehr \u00fcber\u00a0<span class=\"lastpart\"><span style=\"color: #ff0000;\"><strong><span style=\"color: #990000;\"><em>utilius<\/em><sup>\u00ae<\/sup><\/span>\u00a0<span style=\"color: #000000;\">vs Volleyball<\/span><\/strong><\/span><\/span> erfahren m\u00f6chten, setzen Sie sich mit uns in Verbindung. Wir schicken Ihnen eine Beispielauswertung oder vereinbaren mit Ihnen die kostenlose Probeauswertung eines Ihrer Videos &#8211; wir freuen uns \u00fcber Ihr Interesse.<\/p>\n<p><strong><span style=\"color: #990000;\"><em>utilius<\/em><sup>\u00ae<\/sup><\/span>\u00a0vs Volleyball<\/strong> gibt es bei Ansa Video mit individueller Einarbeitung und langfristiger Unterst\u00fctzung in der Anwendung.<span style=\"font-size: 70%;\">.<\/span><\/p>\n<p><span style=\"font-size: 100%;\"><strong>Rufen Sie uns an<\/strong><span style=\"color: red;\"> (0421\/376 49 762)<\/span> <strong>oder mailen Sie uns<\/strong><span style=\"color: red;\"> kontakt(at)ansa-video.de<\/span><br \/>\n<strong> &#8211; wir sind gerne f\u00fcr Sie da!<\/strong><\/span><\/p>\n","protected":false},"excerpt":{"rendered":"<p>Viel mehr als Statistik &#8211; utilius\u00ae\u00a0vs Volleyball ist das perfekte Videoanalysesystem f\u00fcr Gegnervorbereitung und Eigenanalyse in dieser Sportart. Es wurde entwickelt von ccc software gmbh in Zusammenarbeit mit erfahrenen Volleyballtrainern und Ansa-Video f\u00fcr alle Mannschaften von Bundesliga bis Oberliga, denen &hellip; <a href=\"https:\/\/www.ansa-video.de\/?page_id=189\">Weiterlesen <span class=\"meta-nav\">&rarr;<\/span><\/a><\/p>\n","protected":false},"author":2,"featured_media":106,"parent":33,"menu_order":1,"comment_status":"closed","ping_status":"open","template":"sidebar-page.php","meta":{"footnotes":""},"class_list":["post-189","page","type-page","status-publish","has-post-thumbnail","hentry"],"_links":{"self":[{"href":"https:\/\/www.ansa-video.de\/index.php?rest_route=\/wp\/v2\/pages\/189","targetHints":{"allow":["GET"]}}],"collection":[{"href":"https:\/\/www.ansa-video.de\/index.php?rest_route=\/wp\/v2\/pages"}],"about":[{"href":"https:\/\/www.ansa-video.de\/index.php?rest_route=\/wp\/v2\/types\/page"}],"author":[{"embeddable":true,"href":"https:\/\/www.ansa-video.de\/index.php?rest_route=\/wp\/v2\/users\/2"}],"replies":[{"embeddable":true,"href":"https:\/\/www.ansa-video.de\/index.php?rest_route=%2Fwp%2Fv2%2Fcomments&post=189"}],"version-history":[{"count":0,"href":"https:\/\/www.ansa-video.de\/index.php?rest_route=\/wp\/v2\/pages\/189\/revisions"}],"up":[{"embeddable":true,"href":"https:\/\/www.ansa-video.de\/index.php?rest_route=\/wp\/v2\/pages\/33"}],"wp:featuredmedia":[{"embeddable":true,"href":"https:\/\/www.ansa-video.de\/index.php?rest_route=\/wp\/v2\/media\/106"}],"wp:attachment":[{"href":"https:\/\/www.ansa-video.de\/index.php?rest_route=%2Fwp%2Fv2%2Fmedia&parent=189"}],"curies":[{"name":"wp","href":"https:\/\/api.w.org\/{rel}","templated":true}]}}